{"id":884,"date":"2021-04-19T09:28:07","date_gmt":"2021-04-19T07:28:07","guid":{"rendered":"https:\/\/reitergroup.fr\/rg\/?page_id=884"},"modified":"2021-08-18T11:00:55","modified_gmt":"2021-08-18T09:00:55","slug":"blog","status":"publish","type":"page","link":"https:\/\/reitergroup.fr\/rg\/blog\/","title":{"rendered":"Blog"},"content":{"rendered":"<p>[et_pb_section fb_built=\u00a0\u00bb1&Prime; admin_label=\u00a0\u00bbBlog\u00a0\u00bb module_id=\u00a0\u00bbablog\u00a0\u00bb _builder_version=\u00a0\u00bb4.7.3&Prime; background_color=\u00a0\u00bb#999999&Prime; background_image=\u00a0\u00bbhttps:\/\/reitergroup.fr\/rg\/wp-content\/uploads\/2019\/02\/fond_back.jpg\u00a0\u00bb background_blend=\u00a0\u00bbscreen\u00a0\u00bb min_height=\u00a0\u00bb668px\u00a0\u00bb custom_padding=\u00a0\u00bb54px|0px|54px|0px|false|false\u00a0\u00bb global_colors_info=\u00a0\u00bb{}\u00a0\u00bb][et_pb_row _builder_version=\u00a0\u00bb4.7.3&Prime; _module_preset=\u00a0\u00bbdefault\u00a0\u00bb custom_padding=\u00a0\u00bb0px|||||\u00a0\u00bb global_colors_info=\u00a0\u00bb{}\u00a0\u00bb][et_pb_column type=\u00a0\u00bb4_4&Prime; _builder_version=\u00a0\u00bb4.7.3&Prime; _module_preset=\u00a0\u00bbdefault\u00a0\u00bb global_colors_info=\u00a0\u00bb{}\u00a0\u00bb][et_pb_text _builder_version=\u00a0\u00bb4.7.3&Prime; text_font=\u00a0\u00bb||||||||\u00a0\u00bb header_font=\u00a0\u00bbLato|900||on|||||\u00a0\u00bb header_text_color=\u00a0\u00bb#000000&Prime; header_font_size=\u00a0\u00bb45px\u00a0\u00bb header_letter_spacing=\u00a0\u00bb3px\u00a0\u00bb text_orientation=\u00a0\u00bbcenter\u00a0\u00bb animation_direction=\u00a0\u00bbleft\u00a0\u00bb header_font_size_tablet=\u00a0\u00bb\u00a0\u00bb header_font_size_phone=\u00a0\u00bb50px\u00a0\u00bb header_font_size_last_edited=\u00a0\u00bbon|phone\u00a0\u00bb locked=\u00a0\u00bboff\u00a0\u00bb global_colors_info=\u00a0\u00bb{}\u00a0\u00bb]<\/p>\n<h1>BLOG<\/h1>\n<p>[\/et_pb_text][et_pb_text _builder_version=\u00a0\u00bb4.7.3&Prime; _module_preset=\u00a0\u00bbdefault\u00a0\u00bb text_font=\u00a0\u00bbOpen Sans||||||||\u00a0\u00bb text_text_color=\u00a0\u00bb#ffffff\u00a0\u00bb background_color=\u00a0\u00bb#000000&Prime; text_orientation=\u00a0\u00bbcenter\u00a0\u00bb link_option_url=\u00a0\u00bbhttps:\/\/www.linkedin.com\/company\/reitergroup\/posts\/?feedView=all\u00a0\u00bb global_colors_info=\u00a0\u00bb{}\u00a0\u00bb]<\/p>\n<p>Nous publions toutes les semaines du nouveau contenu sur notre page <strong>LinkedIn<\/strong>.<br \/> Venez y faire un tour !<\/p>\n<p>[\/et_pb_text][\/et_pb_column][\/et_pb_row][et_pb_row _builder_version=\u00a0\u00bb4.9.11&Prime; _module_preset=\u00a0\u00bbdefault\u00a0\u00bb global_colors_info=\u00a0\u00bb{}\u00a0\u00bb][et_pb_column type=\u00a0\u00bb4_4&Prime; _builder_version=\u00a0\u00bb4.9.11&Prime; _module_preset=\u00a0\u00bbdefault\u00a0\u00bb global_colors_info=\u00a0\u00bb{}\u00a0\u00bb][et_pb_blog fullwidth=\u00a0\u00bboff\u00a0\u00bb posts_number=\u00a0\u00bb12&Prime; include_categories=\u00a0\u00bb9&Prime; use_manual_excerpt=\u00a0\u00bboff\u00a0\u00bb excerpt_length=\u00a0\u00bb250&Prime; show_author=\u00a0\u00bboff\u00a0\u00bb show_date=\u00a0\u00bboff\u00a0\u00bb show_categories=\u00a0\u00bboff\u00a0\u00bb show_excerpt=\u00a0\u00bboff\u00a0\u00bb use_overlay=\u00a0\u00bbon\u00a0\u00bb overlay_icon_color=\u00a0\u00bbgcid-0e77c6b3-83f9-48fa-ade6-586c79441d30&Prime; hover_overlay_color=\u00a0\u00bbgcid-7426e68a-db26-4308-a13c-906f7641a3db\u00a0\u00bb hover_icon=\u00a0\u00bb%%3%%\u00a0\u00bb _builder_version=\u00a0\u00bb4.9.11&Prime; _module_preset=\u00a0\u00bbdefault\u00a0\u00bb header_font=\u00a0\u00bbRoboto||||||||\u00a0\u00bb header_text_align=\u00a0\u00bbleft\u00a0\u00bb body_font=\u00a0\u00bbRoboto|300|||||||\u00a0\u00bb body_text_align=\u00a0\u00bbjustify\u00a0\u00bb meta_font=\u00a0\u00bb||||||||\u00a0\u00bb read_more_font=\u00a0\u00bbRoboto|500|||||||\u00a0\u00bb read_more_text_color=\u00a0\u00bbrgba(0,0,0,0.53)\u00a0\u00bb pagination_font=\u00a0\u00bbMontserrat|600|||||||\u00a0\u00bb pagination_text_color=\u00a0\u00bb#000000&Prime; text_orientation=\u00a0\u00bbjustified\u00a0\u00bb border_width_all=\u00a0\u00bb0px\u00a0\u00bb border_color_all=\u00a0\u00bbRGBA(0,0,0,0)\u00a0\u00bb border_color_right=\u00a0\u00bb#D3D3D3&Prime; border_color_bottom=\u00a0\u00bb#D3D3D3&Prime; border_color_left=\u00a0\u00bb#D3D3D3&Prime; border_color_top_image=\u00a0\u00bbRGBA(0,0,0,0)\u00a0\u00bb border_color_right_image=\u00a0\u00bbRGBA(0,0,0,0)\u00a0\u00bb border_width_bottom_image=\u00a0\u00bb1px\u00a0\u00bb border_color_bottom_image=\u00a0\u00bb#000000&Prime; border_color_left_image=\u00a0\u00bbRGBA(0,0,0,0)\u00a0\u00bb box_shadow_style=\u00a0\u00bbpreset1&Prime; box_shadow_spread=\u00a0\u00bb-5px\u00a0\u00bb global_colors_info=\u00a0\u00bb{%22gcid-7426e68a-db26-4308-a13c-906f7641a3db%22:%91%22hover_overlay_color%22%93,%22gcid-0e77c6b3-83f9-48fa-ade6-586c79441d30%22:%91%22overlay_icon_color%22%93}\u00a0\u00bb][\/et_pb_blog][\/et_pb_column][\/et_pb_row][\/et_pb_section][et_pb_section fb_built=\u00a0\u00bb1&Prime; admin_label=\u00a0\u00bbFooter\u00a0\u00bb _builder_version=\u00a0\u00bb3.19.11&Prime; background_color=\u00a0\u00bb#262626&Prime; custom_padding=\u00a0\u00bb0|0px|0|0px|false|false\u00a0\u00bb global_module=\u00a0\u00bb419&Prime; saved_tabs=\u00a0\u00bball\u00a0\u00bb global_colors_info=\u00a0\u00bb{}\u00a0\u00bb][et_pb_row column_structure=\u00a0\u00bb1_2,1_2&Prime; _builder_version=\u00a0\u00bb3.25&Prime; custom_padding=\u00a0\u00bb10px|0px|10px|0px|false|false\u00a0\u00bb global_colors_info=\u00a0\u00bb{}\u00a0\u00bb][et_pb_column type=\u00a0\u00bb1_2&Prime; _builder_version=\u00a0\u00bb3.25&Prime; custom_padding=\u00a0\u00bb|||\u00a0\u00bb global_colors_info=\u00a0\u00bb{}\u00a0\u00bb custom_padding__hover=\u00a0\u00bb|||\u00a0\u00bb][et_pb_text _builder_version=\u00a0\u00bb3.27.4&Prime; text_font=\u00a0\u00bb|600|||||||\u00a0\u00bb text_text_color=\u00a0\u00bb#666666&Prime; text_orientation=\u00a0\u00bbcenter\u00a0\u00bb global_colors_info=\u00a0\u00bb{}\u00a0\u00bb]<\/p>\n<p><span>Tous droits r\u00e9serv\u00e9s &#8211; REITER GROUP<\/span><\/p>\n<p>[\/et_pb_text][\/et_pb_column][et_pb_column type=\u00a0\u00bb1_2&Prime; _builder_version=\u00a0\u00bb3.25&Prime; custom_padding=\u00a0\u00bb|||\u00a0\u00bb global_colors_info=\u00a0\u00bb{}\u00a0\u00bb custom_padding__hover=\u00a0\u00bb|||\u00a0\u00bb][et_pb_text _builder_version=\u00a0\u00bb3.27.4&Prime; text_font=\u00a0\u00bb|600|||||||\u00a0\u00bb text_text_color=\u00a0\u00bb#666666&Prime; text_orientation=\u00a0\u00bbcenter\u00a0\u00bb link_option_url=\u00a0\u00bb\/rg\/mentions-legales\/\u00a0\u00bb global_colors_info=\u00a0\u00bb{}\u00a0\u00bb]<\/p>\n<p>Mentions l\u00e9gales<\/p>\n<p>[\/et_pb_text][\/et_pb_column][\/et_pb_row][\/et_pb_section]<\/p>\n","protected":false},"excerpt":{"rendered":"<p>BLOGNous publions toutes les semaines du nouveau contenu sur notre page LinkedIn. Venez y faire un tour !Tous droits r\u00e9serv\u00e9s &#8211; REITER GROUPMentions l\u00e9gales<\/p>\n","protected":false},"author":2,"featured_media":0,"parent":0,"menu_order":0,"comment_status":"closed","ping_status":"closed","template":"","meta":{"_et_pb_use_builder":"on","_et_pb_old_content":"","_et_gb_content_width":""},"_links":{"self":[{"href":"https:\/\/reitergroup.fr\/rg\/wp-json\/wp\/v2\/pages\/884"}],"collection":[{"href":"https:\/\/reitergroup.fr\/rg\/wp-json\/wp\/v2\/pages"}],"about":[{"href":"https:\/\/reitergroup.fr\/rg\/wp-json\/wp\/v2\/types\/page"}],"author":[{"embeddable":true,"href":"https:\/\/reitergroup.fr\/rg\/wp-json\/wp\/v2\/users\/2"}],"replies":[{"embeddable":true,"href":"https:\/\/reitergroup.fr\/rg\/wp-json\/wp\/v2\/comments?post=884"}],"version-history":[{"count":23,"href":"https:\/\/reitergroup.fr\/rg\/wp-json\/wp\/v2\/pages\/884\/revisions"}],"predecessor-version":[{"id":1553,"href":"https:\/\/reitergroup.fr\/rg\/wp-json\/wp\/v2\/pages\/884\/revisions\/1553"}],"wp:attachment":[{"href":"https:\/\/reitergroup.fr\/rg\/wp-json\/wp\/v2\/media?parent=884"}],"curies":[{"name":"wp","href":"https:\/\/api.w.org\/{rel}","templated":true}]}}